{"id":430,"date":"2016-09-08T15:46:47","date_gmt":"2016-09-08T13:46:47","guid":{"rendered":"http:\/\/piper.gr.it\/de\/?page_id=430"},"modified":"2016-09-08T15:46:47","modified_gmt":"2016-09-08T13:46:47","slug":"piper-camping-village","status":"publish","type":"page","link":"https:\/\/piper.gr.it\/de\/piper-camping-village\/","title":{"rendered":"Piper Camping Village"},"content":{"rendered":"<p align=\"justify\"><span style=\"font-size: medium;\">Das Feriendorf, das heute von der Familie Pecchia gef\u00fchrt wird, wurde von einem Unternehmer in den 60er Jahren gegr\u00fcndet und nach einer ber\u00fchmten Bar benannt, die die r\u00f6mischen N\u00e4chte belebte. Seitdem wird das Feriendorf liebevoll und leidenschaftlich gepflegt.<\/span><\/p>\n<p align=\"justify\"><span style=\"font-size: medium;\">Wir haben \u00fcber 30 Jahre Erfahrung im Umgang mit dieser gr\u00fcnen Oase zwischen Castiglione della Pescaia und Follonica. Unsere Leidenschaft ist der Outdoor-Tourismus in wundersch\u00f6ner Umgebung sowohl an der K\u00fcste als auch im Hinterland. Die Kreuzung zwischen Scarlino und Puntone ist tats\u00e4chlich der Treffpunkt der H\u00fcgel mit dem Meer. <\/span><\/p>\n<p align=\"justify\"><span style=\"font-size: medium;\">Im Schatten der Pinien befinden sich 180 Stellpl\u00e4tze f\u00fcr Wohnwagen, Zelte und Wohnmobile. Sie sind alle mit Stromanschl\u00fcssen ausgestattet und nur wenige Meter von s\u00e4mtlichen Diensten entfernt: einem Restaurant, Bar, Kaufladen, Rundterrasse und dem Unterhaltungsbereich.<\/span><\/p>\n<p align=\"justify\">\n<p align=\"justify\">\n","protected":false},"excerpt":{"rendered":"<p>Das Feriendorf, das heute von der Familie Pecchia gef\u00fchrt wird, wurde von einem Unternehmer in den 60er Jahren gegr\u00fcndet und nach einer ber\u00fchmten Bar benannt, die die r\u00f6mischen N\u00e4chte belebte. Seitdem wird das Feriendorf liebevoll und leidenschaftlich gepflegt. Wir haben \u00fcber 30 Jahre Erfahrung im Umgang mit dieser gr\u00fcnen Oase zwischen Castiglione della Pescaia und [&hellip;]<\/p>\n","protected":false},"author":2,"featured_media":428,"parent":0,"menu_order":0,"comment_status":"closed","ping_status":"closed","template":"","meta":{"jetpack_post_was_ever_published":false,"footnotes":""},"yoast_head":"<!-- This site is optimized with the Yoast SEO plugin v22.0 - https:\/\/yoast.com\/wordpress\/plugins\/seo\/ -->\n<title>Piper Camping Village - Piper Residence<\/title>\n<meta name=\"robots\" content=\"index, follow, max-snippet:-1, max-image-preview:large, max-video-preview:-1\" \/>\n<link rel=\"canonical\" href=\"https:\/\/piper.gr.it\/villaggio-piper\/\" \/>\n<meta property=\"og:locale\" content=\"de_DE\" \/>\n<meta property=\"og:type\" content=\"article\" \/>\n<meta property=\"og:title\" content=\"Piper Camping Village - Piper Residence\" \/>\n<meta property=\"og:description\" content=\"Das Feriendorf, das heute von der Familie Pecchia gef\u00fchrt wird, wurde von einem Unternehmer in den 60er Jahren gegr\u00fcndet und nach einer ber\u00fchmten Bar benannt, die die r\u00f6mischen N\u00e4chte belebte. Seitdem wird das Feriendorf liebevoll und leidenschaftlich gepflegt. Wir haben \u00fcber 30 Jahre Erfahrung im Umgang mit dieser gr\u00fcnen Oase zwischen Castiglione della Pescaia und [&hellip;]\" \/>\n<meta property=\"og:url\" content=\"https:\/\/piper.gr.it\/villaggio-piper\/\" \/>\n<meta property=\"og:site_name\" content=\"Piper Residence\" \/>\n<meta property=\"og:image\" content=\"https:\/\/piper.gr.it\/wp-content\/uploads\/2016\/09\/piper-camping-village-scarlino_15.jpg\" \/>\n\t<meta property=\"og:image:width\" content=\"1280\" \/>\n\t<meta property=\"og:image:height\" content=\"853\" \/>\n\t<meta property=\"og:image:type\" content=\"image\/jpeg\" \/>\n<meta name=\"twitter:card\" content=\"summary_large_image\" \/>\n<meta name=\"twitter:label1\" content=\"Gesch\u00e4tzte Lesezeit\" \/>\n\t<meta name=\"twitter:data1\" content=\"1\u00a0Minute\" \/>\n<script type=\"application\/ld+json\" class=\"yoast-schema-graph\">{\"@context\":\"https:\/\/schema.org\",\"@graph\":[{\"@type\":\"WebPage\",\"@id\":\"https:\/\/piper.gr.it\/villaggio-piper\/\",\"url\":\"https:\/\/piper.gr.it\/villaggio-piper\/\",\"name\":\"Piper Camping Village - Piper Residence\",\"isPartOf\":{\"@id\":\"https:\/\/piper.gr.it\/#website\"},\"datePublished\":\"2016-09-08T13:46:47+00:00\",\"dateModified\":\"2016-09-08T13:46:47+00:00\",\"breadcrumb\":{\"@id\":\"https:\/\/piper.gr.it\/villaggio-piper\/#breadcrumb\"},\"inLanguage\":\"de\",\"potentialAction\":[{\"@type\":\"ReadAction\",\"target\":[\"https:\/\/piper.gr.it\/villaggio-piper\/\"]}]},{\"@type\":\"BreadcrumbList\",\"@id\":\"https:\/\/piper.gr.it\/villaggio-piper\/#breadcrumb\",\"itemListElement\":[{\"@type\":\"ListItem\",\"position\":1,\"name\":\"Home\",\"item\":\"https:\/\/piper.gr.it\/\"},{\"@type\":\"ListItem\",\"position\":2,\"name\":\"Piper Camping Village\"}]},{\"@type\":\"WebSite\",\"@id\":\"https:\/\/piper.gr.it\/#website\",\"url\":\"https:\/\/piper.gr.it\/\",\"name\":\"Piper Residence\",\"description\":\"Appartamenti in Toscana a Scarlino, vicino a Castiglione e Follonica\",\"potentialAction\":[{\"@type\":\"SearchAction\",\"target\":{\"@type\":\"EntryPoint\",\"urlTemplate\":\"https:\/\/piper.gr.it\/?s={search_term_string}\"},\"query-input\":\"required name=search_term_string\"}],\"inLanguage\":\"de\"}]}<\/script>\n<!-- \/ Yoast SEO plugin. -->","yoast_head_json":{"title":"Piper Camping Village - Piper Residence","robots":{"index":"index","follow":"follow","max-snippet":"max-snippet:-1","max-image-preview":"max-image-preview:large","max-video-preview":"max-video-preview:-1"},"canonical":"https:\/\/piper.gr.it\/villaggio-piper\/","og_locale":"de_DE","og_type":"article","og_title":"Piper Camping Village - Piper Residence","og_description":"Das Feriendorf, das heute von der Familie Pecchia gef\u00fchrt wird, wurde von einem Unternehmer in den 60er Jahren gegr\u00fcndet und nach einer ber\u00fchmten Bar benannt, die die r\u00f6mischen N\u00e4chte belebte. Seitdem wird das Feriendorf liebevoll und leidenschaftlich gepflegt. Wir haben \u00fcber 30 Jahre Erfahrung im Umgang mit dieser gr\u00fcnen Oase zwischen Castiglione della Pescaia und [&hellip;]","og_url":"https:\/\/piper.gr.it\/villaggio-piper\/","og_site_name":"Piper Residence","og_image":[{"width":1280,"height":853,"url":"https:\/\/piper.gr.it\/wp-content\/uploads\/2016\/09\/piper-camping-village-scarlino_15.jpg","type":"image\/jpeg"}],"twitter_card":"summary_large_image","twitter_misc":{"Gesch\u00e4tzte Lesezeit":"1\u00a0Minute"},"schema":{"@context":"https:\/\/schema.org","@graph":[{"@type":"WebPage","@id":"https:\/\/piper.gr.it\/villaggio-piper\/","url":"https:\/\/piper.gr.it\/villaggio-piper\/","name":"Piper Camping Village - Piper Residence","isPartOf":{"@id":"https:\/\/piper.gr.it\/#website"},"datePublished":"2016-09-08T13:46:47+00:00","dateModified":"2016-09-08T13:46:47+00:00","breadcrumb":{"@id":"https:\/\/piper.gr.it\/villaggio-piper\/#breadcrumb"},"inLanguage":"de","potentialAction":[{"@type":"ReadAction","target":["https:\/\/piper.gr.it\/villaggio-piper\/"]}]},{"@type":"BreadcrumbList","@id":"https:\/\/piper.gr.it\/villaggio-piper\/#breadcrumb","itemListElement":[{"@type":"ListItem","position":1,"name":"Home","item":"https:\/\/piper.gr.it\/"},{"@type":"ListItem","position":2,"name":"Piper Camping Village"}]},{"@type":"WebSite","@id":"https:\/\/piper.gr.it\/#website","url":"https:\/\/piper.gr.it\/","name":"Piper Residence","description":"Appartamenti in Toscana a Scarlino, vicino a Castiglione e Follonica","potentialAction":[{"@type":"SearchAction","target":{"@type":"EntryPoint","urlTemplate":"https:\/\/piper.gr.it\/?s={search_term_string}"},"query-input":"required name=search_term_string"}],"inLanguage":"de"}]}},"jetpack_sharing_enabled":true,"jetpack_shortlink":"https:\/\/wp.me\/P7r6bj-6W","_links":{"self":[{"href":"https:\/\/piper.gr.it\/de\/wp-json\/wp\/v2\/pages\/430"}],"collection":[{"href":"https:\/\/piper.gr.it\/de\/wp-json\/wp\/v2\/pages"}],"about":[{"href":"https:\/\/piper.gr.it\/de\/wp-json\/wp\/v2\/types\/page"}],"author":[{"embeddable":true,"href":"https:\/\/piper.gr.it\/de\/wp-json\/wp\/v2\/users\/2"}],"replies":[{"embeddable":true,"href":"https:\/\/piper.gr.it\/de\/wp-json\/wp\/v2\/comments?post=430"}],"version-history":[{"count":1,"href":"https:\/\/piper.gr.it\/de\/wp-json\/wp\/v2\/pages\/430\/revisions"}],"predecessor-version":[{"id":431,"href":"https:\/\/piper.gr.it\/de\/wp-json\/wp\/v2\/pages\/430\/revisions\/431"}],"wp:featuredmedia":[{"embeddable":true,"href":"https:\/\/piper.gr.it\/de\/wp-json\/wp\/v2\/media\/428"}],"wp:attachment":[{"href":"https:\/\/piper.gr.it\/de\/wp-json\/wp\/v2\/media?parent=430"}],"curies":[{"name":"wp","href":"https:\/\/api.w.org\/{rel}","templated":true}]}}